{"id":459,"date":"2023-01-15T21:49:29","date_gmt":"2023-01-15T20:49:29","guid":{"rendered":"http:\/\/mandoventures.com\/?page_id=459"},"modified":"2023-03-28T09:18:36","modified_gmt":"2023-03-28T07:18:36","slug":"mandolab","status":"publish","type":"page","link":"https:\/\/mandoventures.com\/en\/mandolab\/","title":{"rendered":"MandoLab"},"content":{"rendered":"<div data-elementor-type=\"wp-page\" data-elementor-id=\"459\" class=\"elementor elementor-459\" data-elementor-post-type=\"page\">\n\t\t\t\t<div data-particle_enable=\"false\" data-particle-mobile-disabled=\"false\" class=\"elementor-element elementor-element-ccdeb3b e-flex e-con-boxed e-con e-parent\" data-id=\"ccdeb3b\" data-element_type=\"container\" data-e-type=\"container\">\n\t\t\t\t\t<div class=\"e-con-inner\">\n\t\t<div data-particle_enable=\"false\" data-particle-mobile-disabled=\"false\" class=\"elementor-element elementor-element-6b01780 e-con-full e-flex e-con e-parent\" data-id=\"6b01780\" data-element_type=\"container\" data-e-type=\"container\">\n\t\t\t\t<div class=\"elementor-element elementor-element-bf748e3 elementor-widget elementor-widget-heading\" data-id=\"bf748e3\" data-element_type=\"widget\" data-e-type=\"widget\" data-widget_type=\"heading.default\">\n\t\t\t\t<div class=\"elementor-widget-container\">\n\t\t\t\t\t<h2 class=\"elementor-heading-title elementor-size-default\">MandoLab<\/h2>\t\t\t\t<\/div>\n\t\t\t\t<\/div>\n\t\t\t\t<div class=\"elementor-element elementor-element-77be7d4 elementor-widget elementor-widget-text-editor\" data-id=\"77be7d4\" data-element_type=\"widget\" data-e-type=\"widget\" data-widget_type=\"text-editor.default\">\n\t\t\t\t<div class=\"elementor-widget-container\">\n\t\t\t\t\t\t\t\t\t<p>MandoLab helps its partners to explore and solve complex problems arising in their business, covering the strategic areas of the management consulting services.<\/p><p>In providing actual and factual support we elaborate business strategies that lead to sustainable development.<\/p>\t\t\t\t\t\t\t\t<\/div>\n\t\t\t\t<\/div>\n\t\t\t\t<\/div>\n\t\t<div data-particle_enable=\"false\" data-particle-mobile-disabled=\"false\" class=\"elementor-element elementor-element-0526cf5 e-con-full e-flex e-con e-parent\" data-id=\"0526cf5\" data-element_type=\"container\" data-e-type=\"container\">\n\t\t\t\t<div class=\"elementor-element elementor-element-a88712e elementor-widget elementor-widget-image\" data-id=\"a88712e\" data-element_type=\"widget\" data-e-type=\"widget\" data-widget_type=\"image.default\">\n\t\t\t\t<div class=\"elementor-widget-container\">\n\t\t\t\t\t\t\t\t\t\t\t\t\t\t\t<img fetchpriority=\"high\" decoding=\"async\" width=\"497\" height=\"511\" src=\"https:\/\/mandoventures.com\/wp-content\/uploads\/2023\/01\/MandoLab_sliderbe.svg\" class=\"attachment-full size-full wp-image-621\" alt=\"\" \/>\t\t\t\t\t\t\t\t\t\t\t\t\t\t\t<\/div>\n\t\t\t\t<\/div>\n\t\t\t\t<\/div>\n\t\t\t\t\t<\/div>\n\t\t\t\t<\/div>\n\t\t<div data-particle_enable=\"false\" data-particle-mobile-disabled=\"false\" class=\"elementor-element elementor-element-bdf0d8b e-flex e-con-boxed e-con e-parent\" data-id=\"bdf0d8b\" data-element_type=\"container\" data-e-type=\"container\">\n\t\t\t\t\t<div class=\"e-con-inner\">\n\t\t\t\t<div class=\"elementor-element elementor-element-bebfe87 elementor-widget elementor-widget-heading\" data-id=\"bebfe87\" data-element_type=\"widget\" data-e-type=\"widget\" data-widget_type=\"heading.default\">\n\t\t\t\t<div class=\"elementor-widget-container\">\n\t\t\t\t\t<h2 class=\"elementor-heading-title elementor-size-default\">Services<\/h2>\t\t\t\t<\/div>\n\t\t\t\t<\/div>\n\t\t\t\t\t<\/div>\n\t\t\t\t<\/div>\n\t\t<div data-particle_enable=\"false\" data-particle-mobile-disabled=\"false\" class=\"elementor-element elementor-element-84edb1c e-flex e-con-boxed e-con e-parent\" data-id=\"84edb1c\" data-element_type=\"container\" data-e-type=\"container\">\n\t\t\t\t\t<div class=\"e-con-inner\">\n\t\t\t\t<div class=\"elementor-element elementor-element-47aaa6a elementor-widget__width-initial eael-flipbox-content-align-center elementor-widget elementor-widget-eael-flip-box\" data-id=\"47aaa6a\" data-element_type=\"widget\" data-e-type=\"widget\" data-widget_type=\"eael-flip-box.default\">\n\t\t\t\t<div class=\"elementor-widget-container\">\n\t\t\t\t\t        <div class=\"eael-elements-flip-box-container eael-animate-flip eael-animate-fade-in eael-content eael-flip-box-hover eael-flipbox-fixed-height eael-flipbox-dynamic\">\n\n            <div class=\"eael-elements-flip-box-flip-card\">\n                <div class=\"eael-elements-flip-box-front-container\">\n                    \n                    \n                        <div class=\"eael-elements-slider-display-table\">\n                            <div class=\"eael-elements-flip-box-vertical-align\">\n                                <div class=\"eael-elements-flip-box-padding\">\n                                    <div class=\"eael-elements-flip-box-icon-image\">\n                                                                                    <span class='ea-flipbox-icon eael-flipbox-svg-icon eaa-svg'><svg xmlns=\"http:\/\/www.w3.org\/2000\/svg\" xmlns:xlink=\"http:\/\/www.w3.org\/1999\/xlink\" width=\"96px\" height=\"77px\" viewbox=\"0 0 96 77\"><title>Marketing<\/title><defs><polygon id=\"path-1\" points=\"0 0 112.5 0 112.5 90 0 90\"><\/polygon><\/defs><g id=\"UZLETAGAK_LAB\" stroke=\"none\" stroke-width=\"1\" fill=\"none\" fill-rule=\"evenodd\"><g id=\"Medium\" transform=\"translate(-289.000000, -1308.000000)\"><g id=\"SZOLGALTATASOK\" transform=\"translate(157.000000, 1111.000000)\"><g id=\"SZAMVITELI-SZOLGALTATAS\" transform=\"translate(0.000000, 96.000000)\"><g id=\"Marketing\" transform=\"translate(127.000000, 89.000000)\"><mask id=\"mask-2\" fill=\"white\"><use xlink:href=\"#path-1\"><\/use><\/mask><g id=\"Clip-2\"><\/g><path d=\"M12,58.1642742 L35.2745778,58.1642742 L50,67 L50,35 L35.2745778,43.8357258 L12,43.8357258 L12,58.1642742 Z M63,67 L63,35 C65.099917,36.9104731 66.7916321,39.238703 68.0751452,41.9846897 C69.3586583,44.7315255 70,47.7364874 70,50.9995755 C70,54.2635126 69.3586583,57.2684745 68.0751452,60.0153103 C66.7916321,62.761297 65.099917,65.0895269 63,67 L63,67 Z M20.6594803,84 L20.6594803,64.6162462 L5,64.6162462 L5,35.5393231 L33.9086237,35.5393231 L58,21 L58,79.1538462 L33.9086237,64.6162462 L27.8862079,64.6162462 L27.8862079,84 L20.6594803,84 Z M79.4418433,28 L75,22.3942697 L89.5581567,12 L94,17.6057303 L79.4418433,28 Z M89.6430545,89 L75,77.912815 L79.3569455,72 L94,83.0863091 L89.6430545,89 Z M83,54 L101,54 L101,47 L83,47 L83,54 Z\" id=\"Fill-1\" fill=\"#000000\" mask=\"url(#mask-2)\"><\/path><\/g><\/g><\/g><\/g><\/g><\/svg><\/span>                                                                                    <\/div>\n                                    <h3 class=\"eael-elements-flip-box-heading\">Consultancy service<\/h3>                                    <div class=\"eael-elements-flip-box-content\">\n\t                                                                        <\/div>\n                                <\/div>\n                            <\/div>\n                        <\/div>\n                                    <\/div>\n\n                <div class=\"eael-elements-flip-box-rear-container\">\n                                                                <div class=\"eael-elements-slider-display-table\">\n                            <div class=\"eael-elements-flip-box-vertical-align\">\n                                <div class=\"eael-elements-flip-box-padding\">\n                                                                            <div class=\"eael-elements-flip-box-icon-image\">\n                                            <span class='ea-flipbox-icon eael-flipbox-svg-icon eaa-svg'><svg xmlns=\"http:\/\/www.w3.org\/2000\/svg\" xmlns:xlink=\"http:\/\/www.w3.org\/1999\/xlink\" id=\"eIPdAmZUk9F1\" viewbox=\"0 0 96 77\"><defs><polygon id=\"eIPdAmZUk9F2\" points=\"0,0 112.5,0 112.5,90 0,90\"><\/polygon><\/defs><g><g transform=\"translate(-289-1308)\"><g transform=\"translate(157 1111)\"><g transform=\"translate(0 96)\"><g transform=\"translate(127 89)\"><g mask=\"url(#eIPdAmZUk9F10)\"><path d=\"M12,58.164274h23.274578L50,67v-32L35.274578,43.835726h-23.274578v14.328548ZM63,67v-32c2.099917,1.910473,3.791632,4.238703,5.075145,6.98469C69.358658,44.731526,70,47.736487,70,50.999576c0,3.263937-.641342,6.268899-1.924855,9.015734C66.791632,62.761297,65.099917,65.089527,63,67v0ZM20.65948,84v-19.383754h-15.65948v-29.076923h28.908624L58,21v58.153846l-24.091376-14.5376h-6.022416v19.383754h-7.226728ZM79.441843,28L75,22.39427L89.558157,12L94,17.60573L79.441843,28ZM89.643055,89L75,77.912815L79.356946,72L94,83.086309L89.643055,89ZM83,54h18v-7h-18v7Z\" fill=\"#ff5100\" fill-rule=\"evenodd\"><\/path><mask id=\"eIPdAmZUk9F10\" x=\"-150%\" y=\"-150%\" height=\"400%\" width=\"400%\"><use width=\"112.5\" height=\"90\" xlink:href=\"#eIPdAmZUk9F2\" fill=\"#fff\" fill-rule=\"evenodd\"><\/use><\/mask><\/g><\/g><\/g><\/g><\/g><\/g><\/svg><\/span>                                                <\/div>\n                                                                                                            <h3 class=\"eael-elements-flip-box-heading\">Consultancy service<\/h3>\n                                                                        <div class=\"eael-elements-flip-box-content\">\n                                        <p style=\"text-align: center\">As a consultancy team, we support our SME and startup clients in their strategy development with an innovative and customer-centric approach. We provide analysis of their market and competitors. We help them shape their innovation into a marketable product, bring it to market and find the product-market fit.<\/p>                                    <\/div>\n\n                                                                    <\/div>\n                            <\/div>\n                        <\/div>\n                                    <\/div>\n            <\/div>\n        <\/div>\n        \t\t\t\t<\/div>\n\t\t\t\t<\/div>\n\t\t\t\t<div class=\"elementor-element elementor-element-688ed14 elementor-widget__width-initial eael-flipbox-content-align-center elementor-widget elementor-widget-eael-flip-box\" data-id=\"688ed14\" data-element_type=\"widget\" data-e-type=\"widget\" data-widget_type=\"eael-flip-box.default\">\n\t\t\t\t<div class=\"elementor-widget-container\">\n\t\t\t\t\t        <div class=\"eael-elements-flip-box-container eael-animate-flip eael-animate-fade-in eael-content eael-flip-box-hover eael-flipbox-fixed-height eael-flipbox-dynamic\">\n\n            <div class=\"eael-elements-flip-box-flip-card\">\n                <div class=\"eael-elements-flip-box-front-container\">\n                    \n                    \n                        <div class=\"eael-elements-slider-display-table\">\n                            <div class=\"eael-elements-flip-box-vertical-align\">\n                                <div class=\"eael-elements-flip-box-padding\">\n                                    <div class=\"eael-elements-flip-box-icon-image\">\n                                                                                    <span class='ea-flipbox-icon eael-flipbox-svg-icon eaa-svg'><svg xmlns=\"http:\/\/www.w3.org\/2000\/svg\" xmlns:xlink=\"http:\/\/www.w3.org\/1999\/xlink\" width=\"60px\" height=\"109px\" viewbox=\"0 0 60 109\"><title>Tokebevonas<\/title><g id=\"UZLETAGAK_LAB\" stroke=\"none\" stroke-width=\"1\" fill=\"none\" fill-rule=\"evenodd\"><g id=\"Medium\" transform=\"translate(-691.000000, -1308.000000)\" fill=\"#000000\"><g id=\"SZOLGALTATASOK\" transform=\"translate(157.000000, 1111.000000)\"><g id=\"BERSZAMFEJTES\" transform=\"translate(388.000000, 96.000000)\"><g id=\"Tokebevonas\" transform=\"translate(146.000000, 101.000000)\"><path d=\"M32.0453445,67.8503567 C36.4567275,67.8503567 40.9208302,68.2456214 45.2824636,67.7513572 C50.8299206,67.1221603 55.0103761,61.762254 55,56.1713488 C50.4051923,56.1713488 45.7495162,55.7174178 41.2267534,56.2872149 C35.7104828,56.9824114 31.5144341,62.7317158 32.0453445,67.8503567 L32.0453445,67.8503567 Z M27.9989506,67.9111375 C28.0668072,62.7676106 24.8391948,57.9260563 19.6525929,56.927334 C14.9129593,56.0149915 9.93509007,56.2648506 5,56 C5.39976369,62.5405958 9.75512266,67.4549663 15.4115575,67.8547407 C19.5161422,68.1445772 23.6605558,67.9111375 27.9989506,67.9111375 L27.9989506,67.9111375 Z M30.3997777,79.9961177 C37.300085,79.9961177 44.2003922,80.0078083 51.0999668,79.9906163 C54.1351057,79.9823641 56.0332579,78.5843096 56,76.4593768 C55.9665918,74.3351317 54.0852893,73.0079083 51.020114,73.006533 C37.3096087,72.9982808 23.5983708,72.9969054 9.88786541,73.0079083 C6.84247024,73.0099714 4.95750469,74.3977106 5.00072776,76.5336463 C5.04468343,78.6950262 6.86371548,79.9844271 9.96845081,79.9913039 C16.7786489,80.0057452 23.5895796,79.9961177 30.3997777,79.9961177 L30.3997777,79.9961177 Z M32.2284179,11.8431723 C32.8472783,11.8841056 33.2030868,11.9469675 33.553098,11.923577 C35.2263399,11.8139343 36.7858101,12.1940293 36.8300144,14.1398234 C36.8778421,16.231808 35.2575003,16.6681863 33.4835305,16.6499125 C31.5320188,16.6287149 29.5297808,16.3955412 27.6500105,16.7683267 C26.627514,16.9708004 25.202106,18.1293593 25.0383327,19.0518206 C24.7557149,20.6533364 26.0738731,21.5633716 27.7391438,21.5889549 C29.3355717,21.6145382 30.9348982,21.5458288 32.5284275,21.618924 C35.8763607,21.7738858 38.6721024,24.3212534 39.1018263,27.5294016 C39.5837258,31.1264162 37.8285971,34.3002097 34.6582058,35.4923923 C33.8538322,35.7942755 33.0067037,35.9821301 32.2769702,36.1948372 L32.2769702,43 C42.1511992,41.4949699 49.481144,32.8434224 48.9753307,23.4484967 C48.4448789,13.583569 40.967828,5.30188316 32.2284179,5 L32.2284179,11.8431723 Z M27.7744546,5 C19.0148893,5.36757423 11.2318262,13.9748155 11.0052546,23.4343604 C10.7692725,33.266605 18.5132465,42.3410024 27.8794159,43 L27.8794159,39.5263503 L27.8794159,36.1735168 C27.148306,36.1112781 26.7986762,36.0512361 26.4490464,36.0563616 C24.6647039,36.0790604 23.0844931,35.5745611 23.174977,33.4796809 C23.2603938,31.515868 24.8485672,31.2647167 26.4946503,31.3130431 C28.4396922,31.3708885 30.4390244,31.586161 32.3138508,31.2141935 C33.3431956,31.009172 34.7598116,29.8573906 34.9494658,28.9164884 C35.2766556,27.2916932 33.9715158,26.397653 32.2928585,26.3786153 C30.7010658,26.3603098 29.1005866,26.4481762 27.5182042,26.3127156 C23.4601823,25.9656435 20.831806,23.076305 20.831806,19.091566 C20.8310821,15.2254466 22.8463395,13.0478255 27.7744546,11.6331773 L27.7744546,5 Z M12,85 C13.1802473,90.8124349 14.1888093,96.3192543 15.5084163,101.750746 C15.7289495,102.658984 17.2884851,103.854902 18.2503543,103.874989 C26.4107985,104.044297 34.5777079,104.034971 42.7388704,103.887185 C43.6863727,103.869967 45.2495001,102.84264 45.4456093,102.024078 C46.7803017,96.4483877 47.8247811,90.8038261 49,85 L12,85 Z M54.5491118,68.2076434 C61.9050522,73.0150976 61.738845,79.7641505 54.5171768,84.2469054 C53.8958956,84.63244 53.4117898,85.5691569 53.2499373,86.3336293 C52.1191474,91.6695443 51.0885174,97.027448 50.0295813,102.378755 C49.1484652,106.827061 46.5849545,108.972421 42.0276826,108.984149 C34.1208631,109.004671 26.2140437,109.006137 18.3072242,108.983416 C13.2150409,108.968024 10.9171714,107.008101 9.90323463,101.925789 C8.86970141,96.7511238 7.87318377,91.5683965 6.75110346,86.4127885 C6.5711061,85.5874808 5.9832115,84.4733886 5.30241504,84.1955986 C-1.42788943,81.4543455 -1.74941697,71.7258291 4.88363086,68.6437518 C5.01427411,68.5829165 5.07959573,68.3762231 5.27338321,68.0940353 C1.57400201,64.2987925 -0.130166535,59.6797078 0.00773466706,54.308611 C0.0679757186,51.9726823 0.912802032,50.8366015 3.3565565,50.926022 C6.46223673,51.0381642 9.58170709,51.0865393 12.6830325,50.9230902 C18.1047272,50.6379706 23.0800574,51.633324 27.4261227,55.8654082 L27.4261227,48.3870647 C19.6782525,47.1278474 13.4233443,43.3670535 9.29792093,36.3519378 C6.30546484,31.2622958 5.43741306,25.7270169 6.41360841,20.0209595 C8.42986915,8.23063965 18.7260084,-0.261381095 30.3126126,0.00614760922 C42.1184071,0.278074046 52.2338232,9.21426574 53.7188014,20.6549659 C55.3380518,33.1335308 47.730986,46.0606644 32.5154028,48.4867466 L32.5154028,55.8873968 C37.362993,51.0220392 43.1185537,50.6680218 49.0657245,50.9340845 C51.5486719,51.0454938 54.0454095,51.0542892 56.5269053,50.9245561 C59.1245285,50.7896923 59.9468552,52.0511085 59.9925803,54.4808555 C60.0905627,59.7691284 58.3856684,64.2995255 54.5491118,68.2076434 L54.5491118,68.2076434 Z\" id=\"Fill-1\"><\/path><\/g><\/g><\/g><\/g><\/g><\/svg><\/span>                                                                                    <\/div>\n                                    <h3 class=\"eael-elements-flip-box-heading\">External funding<\/h3>                                    <div class=\"eael-elements-flip-box-content\">\n\t                                                                        <\/div>\n                                <\/div>\n                            <\/div>\n                        <\/div>\n                                    <\/div>\n\n                <div class=\"eael-elements-flip-box-rear-container\">\n                                                                <div class=\"eael-elements-slider-display-table\">\n                            <div class=\"eael-elements-flip-box-vertical-align\">\n                                <div class=\"eael-elements-flip-box-padding\">\n                                                                            <div class=\"eael-elements-flip-box-icon-image\">\n                                            <span class='ea-flipbox-icon eael-flipbox-svg-icon eaa-svg'><svg xmlns=\"http:\/\/www.w3.org\/2000\/svg\" xmlns:xlink=\"http:\/\/www.w3.org\/1999\/xlink\" id=\"eTJZpR5GUqu1\" viewbox=\"0 0 60 109\"><g><g transform=\"translate(-691-1308)\"><g transform=\"translate(157 1111)\"><g transform=\"translate(388 96)\"><g transform=\"translate(146 101)\"><path d=\"M32.045345,67.850357c4.411383,0,8.875485.395264,13.237119-.099C50.829921,67.12216,55.010376,61.762254,55,56.171349c-4.594808,0-9.250484-.453931-13.773247.115866-5.51627.695196-9.712319,6.444501-9.181408,11.563142v0Zm-4.046394.060781c.067856-5.143527-3.159756-9.985082-8.346358-10.983804C14.912959,56.014992,9.93509,56.264851,5,56c.399764,6.540596,4.755123,11.454966,10.411558,11.854741c4.104584.289836,8.248998.056397,12.587393.056397v0Zm2.400827,12.08498c6.900307,0,13.800614.01169,20.700189-.005502C54.135106,79.982364,56.033258,78.58431,56,76.459377c-.033408-2.124245-1.914711-3.451469-4.979886-3.452844-13.710505-.008252-27.421743-.009628-41.132249.001375-3.045395.002063-4.93036,1.389803-4.887137,3.525738.043955,2.16138,1.862987,3.450781,4.967723,3.457658c6.810198.014441,13.621129.004814,20.431327.004814v0Zm1.82864-68.152946c.61886.040934.974669.103796,1.32468.080405c1.673242-.109643,3.232712.270452,3.276916,2.216246.047828,2.091985-1.572514,2.528363-3.346483,2.51009-1.951512-.021198-3.95375-.254372-5.83352.118414-1.022497.202473-2.447905,1.361032-2.611678,2.283494-.282618,1.601515,1.03554,2.511551,2.700811,2.537134c1.596428.025583,3.195754-.043126,4.789284.029969c3.347933.154962,6.143674,2.702329,6.573398,5.910478.4819,3.597014-1.273229,6.770808-4.44362,7.96299-.804374.301884-1.651502.489738-2.381236.702445v6.805163c9.874229-1.50503,17.204174-10.156578,16.698361-19.551503C48.444879,13.583569,40.967828,5.301883,32.228418,5v6.843172ZM27.774455,5c-8.759566.367574-16.542629,8.974816-16.7692,18.43436C10.769273,33.266605,18.513247,42.341002,27.879416,43v-3.47365-3.352833c-.73111-.062239-1.08074-.122281-1.43037-.117155-1.784342.022698-3.364553-.481801-3.274069-2.576681.085417-1.963813,1.67359-2.214964,3.319673-2.166638c1.945042.057846,3.944374.273118,5.819201-.098849c1.029345-.205022,2.445961-1.356803,2.635615-2.297706.32719-1.624795-.97795-2.518835-2.656607-2.537873-1.591793-.018305-3.192272.069561-4.774655-.065899-4.058022-.347072-6.686398-3.236411-6.686398-7.22115-.000724-3.866119,2.014534-6.04374,6.942649-7.458389v-6.633177ZM12,85c1.180247,5.812435,2.188809,11.319254,3.508416,16.750746.220534.908238,1.780069,2.104156,2.741938,2.124243c8.160445.169308,16.327354.159982,24.488516.012196.947503-.017218,2.51063-1.044545,2.706739-1.863107C46.780302,96.448388,47.824781,90.803826,49,85h-37ZM54.549112,68.207643c7.35594,4.807455,7.189733,11.556508-.031935,16.039262-.621281.385535-1.105387,1.322252-1.26724,2.086724-1.13079,5.335915-2.16142,10.693819-3.220356,16.045126-.881116,4.448306-3.444626,6.593666-8.001898,6.605394-7.90682.020522-15.813639.021988-23.720459-.000733-5.092183-.015392-7.390053-1.975315-8.403989-7.057627-1.033534-5.174665-2.030051-10.357392-3.152132-15.513-.179997-.825308-.767891-1.9394-1.448688-2.21719-6.730304-2.741253-7.051832-12.46977-.418784-15.551847.130643-.060835.195965-.267529.389752-.549717-3.699381-3.795242-5.40355-8.414327-5.265648-13.785424.060241-2.335929.905067-3.472009,3.348822-3.382589c3.10568.112142,6.22515.160517,9.326476-.002932c5.421694-.285119,10.397024.710234,14.74309,4.942318v-7.478343c-7.74787-1.259218-14.002779-5.020011-18.128202-12.035127C6.305465,31.262296,5.437413,25.727017,6.413608,20.02096C8.429869,8.23064,18.726008,-0.261381,30.312613,0.006148c11.805794.271926,21.92121,9.208118,23.406188,20.648818c1.619251,12.478565-5.987815,25.405698-21.203398,27.831781v7.40065c4.84759-4.865358,10.603151-5.219375,16.550322-4.953312c2.482947.111409,4.979685.120204,7.46118-.009529c2.597624-.134864,3.41995,1.126553,3.465675,3.5563.097983,5.288272-1.606912,9.81867-5.443468,13.726787v0Z\" fill=\"#ff5100\" fill-rule=\"evenodd\"><\/path><\/g><\/g><\/g><\/g><\/g><\/svg><\/span>                                                <\/div>\n                                                                                                            <h3 class=\"eael-elements-flip-box-heading\">External funding<\/h3>\n                                                                        <div class=\"eael-elements-flip-box-content\">\n                                        <p style=\"text-align: center\">We provide support in the selection of external corporate financing solutions and the preparation of business plans that meet investor requirements. For start-ups, we can provide information on venture capital investment opportunities and actively participate in the investment preparation and negotiation process.<\/p>                                    <\/div>\n\n                                                                    <\/div>\n                            <\/div>\n                        <\/div>\n                                    <\/div>\n            <\/div>\n        <\/div>\n        \t\t\t\t<\/div>\n\t\t\t\t<\/div>\n\t\t\t\t\t<\/div>\n\t\t\t\t<\/div>\n\t\t\t\t<\/div>","protected":false},"excerpt":{"rendered":"<p>MandoLab A MandoLab komplex \u00fczleti probl\u00e9m\u00e1k felt\u00e1r\u00e1s\u00e1ban \u00e9s megold\u00e1s\u00e1ban seg\u00edti partnereit, lefedve a vezet\u0151i tan\u00e1csad\u00e1s strat\u00e9giai ter\u00fcleteit. Aktu\u00e1lis \u00e9s faktu\u00e1lis t\u00e1mogat\u00e1sunk sor\u00e1n olyan \u00fczleti strat\u00e9gi\u00e1kat dolgozunk ki, melyek fenntarthat\u00f3 n\u00f6veked\u00e9st eredm\u00e9nyeznek. Szolg\u00e1ltat\u00e1sok Marketing Tan\u00e1csad\u00e1si szolg\u00e1ltat\u00e1s Tan\u00e1csad\u00e1si szolg\u00e1ltat\u00e1s Tan\u00e1csad\u00f3 csapatk\u00e9nt az \u00faj\u00edt\u00e1s \u00e9s az \u00fcgyf\u00e9lk\u00f6zpont\u00fas\u00e1g szeml\u00e9let\u00e9vel t\u00e1mogatjuk KKV \u00e9s startup \u00fcgyfeleinket a strat\u00e9giaalkot\u00e1sban. Elemz\u00e9st k\u00e9sz\u00edt\u00fcnk a &#8230; <a title=\"MandoLab\" class=\"read-more\" href=\"https:\/\/mandoventures.com\/en\/mandolab\/\" aria-label=\"Read more about MandoLab\">Read more<\/a><\/p>","protected":false},"author":1,"featured_media":0,"parent":0,"menu_order":0,"comment_status":"closed","ping_status":"closed","template":"","meta":{"_seopress_robots_primary_cat":"","_seopress_titles_title":"","_seopress_titles_desc":"","_seopress_robots_index":"","inline_featured_image":false,"footnotes":""},"class_list":["post-459","page","type-page","status-publish"],"_links":{"self":[{"href":"https:\/\/mandoventures.com\/en\/wp-json\/wp\/v2\/pages\/459","targetHints":{"allow":["GET"]}}],"collection":[{"href":"https:\/\/mandoventures.com\/en\/wp-json\/wp\/v2\/pages"}],"about":[{"href":"https:\/\/mandoventures.com\/en\/wp-json\/wp\/v2\/types\/page"}],"author":[{"embeddable":true,"href":"https:\/\/mandoventures.com\/en\/wp-json\/wp\/v2\/users\/1"}],"replies":[{"embeddable":true,"href":"https:\/\/mandoventures.com\/en\/wp-json\/wp\/v2\/comments?post=459"}],"version-history":[{"count":0,"href":"https:\/\/mandoventures.com\/en\/wp-json\/wp\/v2\/pages\/459\/revisions"}],"wp:attachment":[{"href":"https:\/\/mandoventures.com\/en\/wp-json\/wp\/v2\/media?parent=459"}],"curies":[{"name":"wp","href":"https:\/\/api.w.org\/{rel}","templated":true}]}}